{"id":34200,"date":"2022-10-24T22:53:18","date_gmt":"2022-10-24T20:53:18","guid":{"rendered":"https:\/\/gbs.com.co\/web\/?post_type=product&#038;p=34200"},"modified":"2022-10-24T22:54:54","modified_gmt":"2022-10-24T20:54:54","slug":"camara-turbo-1080p-turret-microfono-incorporado-semi-metalica","status":"publish","type":"product","link":"https:\/\/gbs.com.co\/web\/product\/camara-turbo-1080p-turret-microfono-incorporado-semi-metalica\/","title":{"rendered":"C\u00c1MARA TURBO 1080P TURRET MICROFONO INCORPORADO SEMI MET\u00c1LICA"},"content":{"rendered":"","protected":false},"excerpt":{"rendered":"<p><strong>C\u00c1MARA TURBO 1080P TURRET MICROFONO INCORPORADO<\/strong> AUDIO <em><strong>COAXIAL<\/strong><\/em> 0.01 Lux\/ F1.2 DNR EXIR 2.0 Smart IR 40m IR <strong><em>SEMI MET\u00c1LICA<\/em><\/strong> HIKVISION<\/p>\n","protected":false},"featured_media":34198,"template":"","meta":[],"product_cat":[112,44],"product_tag":[97],"_links":{"self":[{"href":"https:\/\/gbs.com.co\/web\/wp-json\/wp\/v2\/product\/34200"}],"collection":[{"href":"https:\/\/gbs.com.co\/web\/wp-json\/wp\/v2\/product"}],"about":[{"href":"https:\/\/gbs.com.co\/web\/wp-json\/wp\/v2\/types\/product"}],"wp:featuredmedia":[{"embeddable":true,"href":"https:\/\/gbs.com.co\/web\/wp-json\/wp\/v2\/media\/34198"}],"wp:attachment":[{"href":"https:\/\/gbs.com.co\/web\/wp-json\/wp\/v2\/media?parent=34200"}],"wp:term":[{"taxonomy":"product_cat","embeddable":true,"href":"https:\/\/gbs.com.co\/web\/wp-json\/wp\/v2\/product_cat?post=34200"},{"taxonomy":"product_tag","embeddable":true,"href":"https:\/\/gbs.com.co\/web\/wp-json\/wp\/v2\/product_tag?post=34200"}],"curies":[{"name":"wp","href":"https:\/\/api.w.org\/{rel}","templated":true}]}}