{"id":34171,"date":"2022-10-13T23:00:58","date_gmt":"2022-10-13T21:00:58","guid":{"rendered":"https:\/\/gbs.com.co\/web\/?post_type=product&#038;p=34171"},"modified":"2022-10-13T23:03:25","modified_gmt":"2022-10-13T21:03:25","slug":"camara-domo-metalico-turbo-hd-2","status":"publish","type":"product","link":"https:\/\/gbs.com.co\/web\/product\/camara-domo-metalico-turbo-hd-2\/","title":{"rendered":"C\u00c1MARA DOMO MET\u00c1LICO TURBO HD"},"content":{"rendered":"","protected":false},"excerpt":{"rendered":"<p><strong>C\u00c1MARA DOMO MET\u00c1LICO TURBO HD<\/strong> 1080P METALICO 1080-2MP LENTE 3.6MM IP66<\/p>\n","protected":false},"featured_media":34165,"template":"","meta":[],"product_cat":[112,44],"product_tag":[97],"_links":{"self":[{"href":"https:\/\/gbs.com.co\/web\/wp-json\/wp\/v2\/product\/34171"}],"collection":[{"href":"https:\/\/gbs.com.co\/web\/wp-json\/wp\/v2\/product"}],"about":[{"href":"https:\/\/gbs.com.co\/web\/wp-json\/wp\/v2\/types\/product"}],"wp:featuredmedia":[{"embeddable":true,"href":"https:\/\/gbs.com.co\/web\/wp-json\/wp\/v2\/media\/34165"}],"wp:attachment":[{"href":"https:\/\/gbs.com.co\/web\/wp-json\/wp\/v2\/media?parent=34171"}],"wp:term":[{"taxonomy":"product_cat","embeddable":true,"href":"https:\/\/gbs.com.co\/web\/wp-json\/wp\/v2\/product_cat?post=34171"},{"taxonomy":"product_tag","embeddable":true,"href":"https:\/\/gbs.com.co\/web\/wp-json\/wp\/v2\/product_tag?post=34171"}],"curies":[{"name":"wp","href":"https:\/\/api.w.org\/{rel}","templated":true}]}}