{"id":34166,"date":"2022-10-13T22:30:44","date_gmt":"2022-10-13T20:30:44","guid":{"rendered":"https:\/\/gbs.com.co\/web\/?post_type=product&#038;p=34166"},"modified":"2022-10-13T22:53:36","modified_gmt":"2022-10-13T20:53:36","slug":"camara-domo-super-led-plastico","status":"publish","type":"product","link":"https:\/\/gbs.com.co\/web\/product\/camara-domo-super-led-plastico\/","title":{"rendered":"C\u00c1MARA DOMO S\u00daPER LED PL\u00c1STICO"},"content":{"rendered":"","protected":false},"excerpt":{"rendered":"<p><strong>C\u00c1MARA DOMO S\u00daPER LED PL\u00c1STICO<\/strong> TURBO HD 720 LENTE <em><strong>20 MTS<\/strong><\/em> 2.8 MM O 3.6MM<\/p>\n","protected":false},"featured_media":34167,"template":"","meta":[],"product_cat":[104,44],"product_tag":[97],"_links":{"self":[{"href":"https:\/\/gbs.com.co\/web\/wp-json\/wp\/v2\/product\/34166"}],"collection":[{"href":"https:\/\/gbs.com.co\/web\/wp-json\/wp\/v2\/product"}],"about":[{"href":"https:\/\/gbs.com.co\/web\/wp-json\/wp\/v2\/types\/product"}],"wp:featuredmedia":[{"embeddable":true,"href":"https:\/\/gbs.com.co\/web\/wp-json\/wp\/v2\/media\/34167"}],"wp:attachment":[{"href":"https:\/\/gbs.com.co\/web\/wp-json\/wp\/v2\/media?parent=34166"}],"wp:term":[{"taxonomy":"product_cat","embeddable":true,"href":"https:\/\/gbs.com.co\/web\/wp-json\/wp\/v2\/product_cat?post=34166"},{"taxonomy":"product_tag","embeddable":true,"href":"https:\/\/gbs.com.co\/web\/wp-json\/wp\/v2\/product_tag?post=34166"}],"curies":[{"name":"wp","href":"https:\/\/api.w.org\/{rel}","templated":true}]}}