{"id":34164,"date":"2022-10-13T22:18:33","date_gmt":"2022-10-13T20:18:33","guid":{"rendered":"https:\/\/gbs.com.co\/web\/?post_type=product&#038;p=34164"},"modified":"2022-10-13T22:53:48","modified_gmt":"2022-10-13T20:53:48","slug":"camara-domo-metalico-turbo-hd","status":"publish","type":"product","link":"https:\/\/gbs.com.co\/web\/product\/camara-domo-metalico-turbo-hd\/","title":{"rendered":"C\u00c1MARA DOMO MET\u00c1LICO TURBO HD"},"content":{"rendered":"","protected":false},"excerpt":{"rendered":"<p><strong>C\u00c1MARA DOMO MET\u00c1LICO TURBO HD<\/strong> 720P-1MP LENTE DE 2.8 MM IP66 12 LEEDS<\/p>\n","protected":false},"featured_media":34165,"template":"","meta":[],"product_cat":[104,44],"product_tag":[97],"_links":{"self":[{"href":"https:\/\/gbs.com.co\/web\/wp-json\/wp\/v2\/product\/34164"}],"collection":[{"href":"https:\/\/gbs.com.co\/web\/wp-json\/wp\/v2\/product"}],"about":[{"href":"https:\/\/gbs.com.co\/web\/wp-json\/wp\/v2\/types\/product"}],"wp:featuredmedia":[{"embeddable":true,"href":"https:\/\/gbs.com.co\/web\/wp-json\/wp\/v2\/media\/34165"}],"wp:attachment":[{"href":"https:\/\/gbs.com.co\/web\/wp-json\/wp\/v2\/media?parent=34164"}],"wp:term":[{"taxonomy":"product_cat","embeddable":true,"href":"https:\/\/gbs.com.co\/web\/wp-json\/wp\/v2\/product_cat?post=34164"},{"taxonomy":"product_tag","embeddable":true,"href":"https:\/\/gbs.com.co\/web\/wp-json\/wp\/v2\/product_tag?post=34164"}],"curies":[{"name":"wp","href":"https:\/\/api.w.org\/{rel}","templated":true}]}}