{"id":34162,"date":"2022-10-13T22:15:07","date_gmt":"2022-10-13T20:15:07","guid":{"rendered":"https:\/\/gbs.com.co\/web\/?post_type=product&#038;p=34162"},"modified":"2022-10-13T22:53:57","modified_gmt":"2022-10-13T20:53:57","slug":"camara-domo-plastico-turbo-hd","status":"publish","type":"product","link":"https:\/\/gbs.com.co\/web\/product\/camara-domo-plastico-turbo-hd\/","title":{"rendered":"C\u00c1MARA DOMO PL\u00c1STICO TURBO HD"},"content":{"rendered":"","protected":false},"excerpt":{"rendered":"<p><strong>C\u00c1MARA DOMO PL\u00c1STICO<\/strong> TURBO HD 720P-1MP LENTE DE 2.8 MM IP66 12 LEEDS<\/p>\n","protected":false},"featured_media":34163,"template":"","meta":[],"product_cat":[104,44],"product_tag":[97],"_links":{"self":[{"href":"https:\/\/gbs.com.co\/web\/wp-json\/wp\/v2\/product\/34162"}],"collection":[{"href":"https:\/\/gbs.com.co\/web\/wp-json\/wp\/v2\/product"}],"about":[{"href":"https:\/\/gbs.com.co\/web\/wp-json\/wp\/v2\/types\/product"}],"wp:featuredmedia":[{"embeddable":true,"href":"https:\/\/gbs.com.co\/web\/wp-json\/wp\/v2\/media\/34163"}],"wp:attachment":[{"href":"https:\/\/gbs.com.co\/web\/wp-json\/wp\/v2\/media?parent=34162"}],"wp:term":[{"taxonomy":"product_cat","embeddable":true,"href":"https:\/\/gbs.com.co\/web\/wp-json\/wp\/v2\/product_cat?post=34162"},{"taxonomy":"product_tag","embeddable":true,"href":"https:\/\/gbs.com.co\/web\/wp-json\/wp\/v2\/product_tag?post=34162"}],"curies":[{"name":"wp","href":"https:\/\/api.w.org\/{rel}","templated":true}]}}