{"id":34158,"date":"2022-10-13T22:07:53","date_gmt":"2022-10-13T20:07:53","guid":{"rendered":"https:\/\/gbs.com.co\/web\/?post_type=product&#038;p=34158"},"modified":"2022-10-13T22:09:21","modified_gmt":"2022-10-13T20:09:21","slug":"camara-turbo-tipo-bala-semi-metalica-2","status":"publish","type":"product","link":"https:\/\/gbs.com.co\/web\/product\/camara-turbo-tipo-bala-semi-metalica-2\/","title":{"rendered":"C\u00c1MARA TURBO TIPO BALA SEMI MET\u00c1LICA"},"content":{"rendered":"","protected":false},"excerpt":{"rendered":"<p><strong>C\u00c1MARA TURBO TIPO BALA SEMI MET\u00c1LICA<\/strong> EXIR 2MPOS 1080P 3.6MM <strong><em>40M<\/em><\/strong><\/p>\n","protected":false},"featured_media":34143,"template":"","meta":[],"product_cat":[109,44],"product_tag":[97],"_links":{"self":[{"href":"https:\/\/gbs.com.co\/web\/wp-json\/wp\/v2\/product\/34158"}],"collection":[{"href":"https:\/\/gbs.com.co\/web\/wp-json\/wp\/v2\/product"}],"about":[{"href":"https:\/\/gbs.com.co\/web\/wp-json\/wp\/v2\/types\/product"}],"wp:featuredmedia":[{"embeddable":true,"href":"https:\/\/gbs.com.co\/web\/wp-json\/wp\/v2\/media\/34143"}],"wp:attachment":[{"href":"https:\/\/gbs.com.co\/web\/wp-json\/wp\/v2\/media?parent=34158"}],"wp:term":[{"taxonomy":"product_cat","embeddable":true,"href":"https:\/\/gbs.com.co\/web\/wp-json\/wp\/v2\/product_cat?post=34158"},{"taxonomy":"product_tag","embeddable":true,"href":"https:\/\/gbs.com.co\/web\/wp-json\/wp\/v2\/product_tag?post=34158"}],"curies":[{"name":"wp","href":"https:\/\/api.w.org\/{rel}","templated":true}]}}