{"id":34157,"date":"2022-10-13T22:04:57","date_gmt":"2022-10-13T20:04:57","guid":{"rendered":"https:\/\/gbs.com.co\/web\/?post_type=product&#038;p=34157"},"modified":"2022-10-13T22:06:35","modified_gmt":"2022-10-13T20:06:35","slug":"camara-turbo-tipo-bala-semi-metalica","status":"publish","type":"product","link":"https:\/\/gbs.com.co\/web\/product\/camara-turbo-tipo-bala-semi-metalica\/","title":{"rendered":"C\u00c1MARA TURBO TIPO BALA SEMI MET\u00c1LICA"},"content":{"rendered":"","protected":false},"excerpt":{"rendered":"<p><strong>C\u00c1MARA TURBO TIPO BALA SEMI MET\u00c1LICA<\/strong> EXIR 2MPOS 1080P 3.6MM 30M<\/p>\n","protected":false},"featured_media":34143,"template":"","meta":[],"product_cat":[109,44],"product_tag":[97],"_links":{"self":[{"href":"https:\/\/gbs.com.co\/web\/wp-json\/wp\/v2\/product\/34157"}],"collection":[{"href":"https:\/\/gbs.com.co\/web\/wp-json\/wp\/v2\/product"}],"about":[{"href":"https:\/\/gbs.com.co\/web\/wp-json\/wp\/v2\/types\/product"}],"wp:featuredmedia":[{"embeddable":true,"href":"https:\/\/gbs.com.co\/web\/wp-json\/wp\/v2\/media\/34143"}],"wp:attachment":[{"href":"https:\/\/gbs.com.co\/web\/wp-json\/wp\/v2\/media?parent=34157"}],"wp:term":[{"taxonomy":"product_cat","embeddable":true,"href":"https:\/\/gbs.com.co\/web\/wp-json\/wp\/v2\/product_cat?post=34157"},{"taxonomy":"product_tag","embeddable":true,"href":"https:\/\/gbs.com.co\/web\/wp-json\/wp\/v2\/product_tag?post=34157"}],"curies":[{"name":"wp","href":"https:\/\/api.w.org\/{rel}","templated":true}]}}