{"id":34148,"date":"2022-10-12T18:01:42","date_gmt":"2022-10-12T16:01:42","guid":{"rendered":"https:\/\/gbs.com.co\/web\/?post_type=product&#038;p=34148"},"modified":"2022-10-12T18:06:06","modified_gmt":"2022-10-12T16:06:06","slug":"camara-turbo-4-hd-tipo-bala-plastica","status":"publish","type":"product","link":"https:\/\/gbs.com.co\/web\/product\/camara-turbo-4-hd-tipo-bala-plastica\/","title":{"rendered":"C\u00c1MARA TURBO 4 HD TIPO BALA PL\u00c1STICA"},"content":{"rendered":"","protected":false},"excerpt":{"rendered":"<p><strong>C\u00c1MARA TURBO 4 HD TIPO BALA PL\u00c1STICA<\/strong> 1080P 20M IP66 1\/3 CMOS 1080P 2.8mm<\/p>\n","protected":false},"featured_media":34149,"template":"","meta":[],"product_cat":[109,44],"product_tag":[97],"_links":{"self":[{"href":"https:\/\/gbs.com.co\/web\/wp-json\/wp\/v2\/product\/34148"}],"collection":[{"href":"https:\/\/gbs.com.co\/web\/wp-json\/wp\/v2\/product"}],"about":[{"href":"https:\/\/gbs.com.co\/web\/wp-json\/wp\/v2\/types\/product"}],"wp:featuredmedia":[{"embeddable":true,"href":"https:\/\/gbs.com.co\/web\/wp-json\/wp\/v2\/media\/34149"}],"wp:attachment":[{"href":"https:\/\/gbs.com.co\/web\/wp-json\/wp\/v2\/media?parent=34148"}],"wp:term":[{"taxonomy":"product_cat","embeddable":true,"href":"https:\/\/gbs.com.co\/web\/wp-json\/wp\/v2\/product_cat?post=34148"},{"taxonomy":"product_tag","embeddable":true,"href":"https:\/\/gbs.com.co\/web\/wp-json\/wp\/v2\/product_tag?post=34148"}],"curies":[{"name":"wp","href":"https:\/\/api.w.org\/{rel}","templated":true}]}}