{"id":34141,"date":"2022-10-12T17:46:17","date_gmt":"2022-10-12T15:46:17","guid":{"rendered":"https:\/\/gbs.com.co\/web\/?post_type=product&#038;p=34141"},"modified":"2022-10-12T17:47:26","modified_gmt":"2022-10-12T15:47:26","slug":"camara-bala-plastica-turbo","status":"publish","type":"product","link":"https:\/\/gbs.com.co\/web\/product\/camara-bala-plastica-turbo\/","title":{"rendered":"C\u00c1MARA BALA PL\u00c1STICA TURBO"},"content":{"rendered":"","protected":false},"excerpt":{"rendered":"<p><strong>C\u00c1MARA BALA PL\u00c1STICA TURBO HD<\/strong> CMOS HD 720 LENTE 2.8 MM IP66<\/p>\n","protected":false},"featured_media":34140,"template":"","meta":[],"product_cat":[103,44],"product_tag":[97],"_links":{"self":[{"href":"https:\/\/gbs.com.co\/web\/wp-json\/wp\/v2\/product\/34141"}],"collection":[{"href":"https:\/\/gbs.com.co\/web\/wp-json\/wp\/v2\/product"}],"about":[{"href":"https:\/\/gbs.com.co\/web\/wp-json\/wp\/v2\/types\/product"}],"wp:featuredmedia":[{"embeddable":true,"href":"https:\/\/gbs.com.co\/web\/wp-json\/wp\/v2\/media\/34140"}],"wp:attachment":[{"href":"https:\/\/gbs.com.co\/web\/wp-json\/wp\/v2\/media?parent=34141"}],"wp:term":[{"taxonomy":"product_cat","embeddable":true,"href":"https:\/\/gbs.com.co\/web\/wp-json\/wp\/v2\/product_cat?post=34141"},{"taxonomy":"product_tag","embeddable":true,"href":"https:\/\/gbs.com.co\/web\/wp-json\/wp\/v2\/product_tag?post=34141"}],"curies":[{"name":"wp","href":"https:\/\/api.w.org\/{rel}","templated":true}]}}