{"id":34139,"date":"2022-10-12T17:40:45","date_gmt":"2022-10-12T15:40:45","guid":{"rendered":"https:\/\/gbs.com.co\/web\/?post_type=product&#038;p=34139"},"modified":"2022-10-12T17:45:57","modified_gmt":"2022-10-12T15:45:57","slug":"camara-bala-metalica","status":"publish","type":"product","link":"https:\/\/gbs.com.co\/web\/product\/camara-bala-metalica\/","title":{"rendered":"C\u00c1MARA BALA MET\u00c1LICA"},"content":{"rendered":"","protected":false},"excerpt":{"rendered":"<p><strong>C\u00c1MARA BALA MET\u00c1LICA<\/strong> CMOS HD 720 LENTE DE 2.8 MM 20 MTS IP66<\/p>\n","protected":false},"featured_media":34140,"template":"","meta":[],"product_cat":[103,44],"product_tag":[97],"_links":{"self":[{"href":"https:\/\/gbs.com.co\/web\/wp-json\/wp\/v2\/product\/34139"}],"collection":[{"href":"https:\/\/gbs.com.co\/web\/wp-json\/wp\/v2\/product"}],"about":[{"href":"https:\/\/gbs.com.co\/web\/wp-json\/wp\/v2\/types\/product"}],"wp:featuredmedia":[{"embeddable":true,"href":"https:\/\/gbs.com.co\/web\/wp-json\/wp\/v2\/media\/34140"}],"wp:attachment":[{"href":"https:\/\/gbs.com.co\/web\/wp-json\/wp\/v2\/media?parent=34139"}],"wp:term":[{"taxonomy":"product_cat","embeddable":true,"href":"https:\/\/gbs.com.co\/web\/wp-json\/wp\/v2\/product_cat?post=34139"},{"taxonomy":"product_tag","embeddable":true,"href":"https:\/\/gbs.com.co\/web\/wp-json\/wp\/v2\/product_tag?post=34139"}],"curies":[{"name":"wp","href":"https:\/\/api.w.org\/{rel}","templated":true}]}}